{"id":706,"date":"2022-03-16T12:41:31","date_gmt":"2022-03-16T12:41:31","guid":{"rendered":"https:\/\/tagon.paradiseisland-phuquoc.com\/book-a-demo\/"},"modified":"2022-10-24T08:02:02","modified_gmt":"2022-10-24T08:02:02","slug":"book-a-demo","status":"publish","type":"page","link":"https:\/\/tagon.vn\/vi\/book-a-demo\/","title":{"rendered":"\u0110\u0103ng k\u00fd Demo"},"content":{"rendered":"","protected":false},"excerpt":{"rendered":"","protected":false},"author":1,"featured_media":0,"parent":0,"menu_order":0,"comment_status":"closed","ping_status":"closed","template":"part-templates\/book-demo.php","meta":{"inline_featured_image":false,"footnotes":""},"class_list":["post-706","page","type-page","status-publish","hentry"],"acf":[],"_links":{"self":[{"href":"https:\/\/tagon.vn\/vi\/wp-json\/wp\/v2\/pages\/706","targetHints":{"allow":["GET"]}}],"collection":[{"href":"https:\/\/tagon.vn\/vi\/wp-json\/wp\/v2\/pages"}],"about":[{"href":"https:\/\/tagon.vn\/vi\/wp-json\/wp\/v2\/types\/page"}],"author":[{"embeddable":true,"href":"https:\/\/tagon.vn\/vi\/wp-json\/wp\/v2\/users\/1"}],"replies":[{"embeddable":true,"href":"https:\/\/tagon.vn\/vi\/wp-json\/wp\/v2\/comments?post=706"}],"version-history":[{"count":3,"href":"https:\/\/tagon.vn\/vi\/wp-json\/wp\/v2\/pages\/706\/revisions"}],"predecessor-version":[{"id":1410,"href":"https:\/\/tagon.vn\/vi\/wp-json\/wp\/v2\/pages\/706\/revisions\/1410"}],"wp:attachment":[{"href":"https:\/\/tagon.vn\/vi\/wp-json\/wp\/v2\/media?parent=706"}],"curies":[{"name":"wp","href":"https:\/\/api.w.org\/{rel}","templated":true}]}}